{"id":75,"date":"2023-08-28T13:50:46","date_gmt":"2023-08-28T16:50:46","guid":{"rendered":"https:\/\/esguerracorrea.com\/?page_id=75"},"modified":"2025-11-07T23:57:56","modified_gmt":"2025-11-08T02:57:56","slug":"home-b","status":"publish","type":"page","link":"https:\/\/esguerracorrea.com\/en\/","title":{"rendered":"Home B"},"content":{"rendered":"<p>[et_pb_section fb_built=\u00bb1&#8243; admin_label=\u00bbHeader\u00bb _builder_version=\u00bb4.25.0&#8243; _module_preset=\u00bbdefault\u00bb use_background_color_gradient=\u00bbon\u00bb background_color_gradient_stops=\u00bbrgba(0,0,0,0.5) 0%|rgba(0,0,0,0.5) 100%\u00bb background_color_gradient_overlays_image=\u00bbon\u00bb background_image=\u00bbhttp:\/\/esguerracorrea.com\/wp-content\/uploads\/2024\/04\/Photo6.jpg\u00bb parallax=\u00bbon\u00bb min_height=\u00bb568.6px\u00bb custom_margin=\u00bb||-180px|||\u00bb custom_padding=\u00bb0vw||0vw||true|false\u00bb collapsed=\u00bbon\u00bb global_colors_info=\u00bb{}\u00bb][\/et_pb_section][et_pb_section fb_built=\u00bb1&#8243; _builder_version=\u00bb4.27.4&#8243; _module_preset=\u00bbdefault\u00bb global_colors_info=\u00bb{}\u00bb][et_pb_row _builder_version=\u00bb4.27.4&#8243; _module_preset=\u00bbdefault\u00bb global_colors_info=\u00bb{}\u00bb][et_pb_column type=\u00bb4_4&#8243; _builder_version=\u00bb4.27.4&#8243; _module_preset=\u00bbdefault\u00bb global_colors_info=\u00bb{}\u00bb][et_pb_heading title=\u00bbCiencia + Arte = CONSERVACI\u00d3N\u00bb title_tablet=\u00bbCiencia + arte = Conservaci\u00f3n\u00bb title_phone=\u00bbCiencia + arte = Conservaci\u00f3n\u00bb title_last_edited=\u00bbon|phone\u00bb _builder_version=\u00bb4.27.4&#8243; _module_preset=\u00bbdefault\u00bb title_font=\u00bb|||on|||||\u00bb title_text_align=\u00bbcenter\u00bb title_text_color=\u00bb#272727&#8243; title_font_size=\u00bb4em\u00bb title_text_align_tablet=\u00bbcenter\u00bb title_text_align_phone=\u00bbcenter\u00bb title_text_align_last_edited=\u00bbon|tablet\u00bb title_text_color_tablet=\u00bb#00A884&#8243; title_text_color_phone=\u00bb#00A884&#8243; title_text_color_last_edited=\u00bbon|desktop\u00bb title_font_size_tablet=\u00bb2em\u00bb title_font_size_phone=\u00bb2em\u00bb title_font_size_last_edited=\u00bbon|tablet\u00bb global_colors_info=\u00bb{}\u00bb][\/et_pb_heading][et_pb_video src=\u00bbhttps:\/\/youtu.be\/gUp-hIUpw38?si=-kDglgXUW-tQJcmi\u00bb _builder_version=\u00bb4.27.4&#8243; _module_preset=\u00bbdefault\u00bb global_colors_info=\u00bb{}\u00bb][\/et_pb_video][\/et_pb_column][\/et_pb_row][\/et_pb_section][et_pb_section fb_built=\u00bb1&#8243; _builder_version=\u00bb4.27.4&#8243; _module_preset=\u00bbdefault\u00bb global_colors_info=\u00bb{}\u00bb][et_pb_row _builder_version=\u00bb4.27.4&#8243; _module_preset=\u00bbdefault\u00bb global_colors_info=\u00bb{}\u00bb][et_pb_column type=\u00bb4_4&#8243; _builder_version=\u00bb4.27.4&#8243; _module_preset=\u00bbdefault\u00bb global_colors_info=\u00bb{}\u00bb][\/et_pb_column][\/et_pb_row][\/et_pb_section][et_pb_section fb_built=\u00bb1&#8243; admin_label=\u00bbCall to Action\u00bb _builder_version=\u00bb4.27.4&#8243; _module_preset=\u00bbdefault\u00bb background_enable_color=\u00bboff\u00bb background_enable_image=\u00bboff\u00bb min_height=\u00bb1598.5px\u00bb custom_margin=\u00bb-199px|||||\u00bb custom_padding=\u00bb10vw||0vw||false|false\u00bb hover_enabled=\u00bb0&#8243; background_last_edited=\u00bboff|desktop\u00bb background_position_tablet=\u00bbcenter\u00bb background_position_phone=\u00bbcenter\u00bb collapsed=\u00bbon\u00bb global_colors_info=\u00bb{}\u00bb module_alignment=\u00bbcenter\u00bb sticky_enabled=\u00bb0&#8243;][et_pb_row column_structure=\u00bb2_5,3_5&#8243; custom_padding_last_edited=\u00bbon|tablet\u00bb _builder_version=\u00bb4.27.4&#8243; _module_preset=\u00bbdefault\u00bb width=\u00bb100%\u00bb min_height=\u00bb746.6px\u00bb custom_margin=\u00bb|auto|-178px|auto||\u00bb custom_padding=\u00bb24px|0px||50px|false|false\u00bb custom_padding_tablet=\u00bb|8%||8%|false|true\u00bb custom_padding_phone=\u00bb||||false|false\u00bb hover_enabled=\u00bb0&#8243; global_colors_info=\u00bb{}\u00bb sticky_enabled=\u00bb0&#8243; module_alignment=\u00bbcenter\u00bb][et_pb_column type=\u00bb2_5&#8243; admin_label=\u00bbColumna\u00bb _builder_version=\u00bb4.27.4&#8243; _module_preset=\u00bbdefault\u00bb global_colors_info=\u00bb{}\u00bb][et_pb_image src=\u00bbhttp:\/\/esguerracorrea.com\/wp-content\/uploads\/2023\/08\/home_About.png\u00bb title_text=\u00bbhome_About\u00bb disabled_on=\u00bboff|off|off\u00bb admin_label=\u00bbImagen\u00bb _builder_version=\u00bb4.25.0&#8243; _module_preset=\u00bbdefault\u00bb width=\u00bb115%\u00bb module_alignment=\u00bbcenter\u00bb min_height=\u00bb400.6px\u00bb custom_margin=\u00bb-84px||-123px|||\u00bb custom_padding=\u00bb24.8%||44px||false|false\u00bb custom_padding_tablet=\u00bb0%||||false|false\u00bb custom_padding_phone=\u00bb0%||||false|false\u00bb custom_padding_last_edited=\u00bbon|tablet\u00bb global_colors_info=\u00bb{}\u00bb][\/et_pb_image][\/et_pb_column][et_pb_column type=\u00bb3_5&#8243; _builder_version=\u00bb4.20.0&#8243; _module_preset=\u00bbdefault\u00bb global_colors_info=\u00bb{}\u00bb][et_pb_text _builder_version=\u00bb4.27.4&#8243; _module_preset=\u00bb32bb50e2-cb57-4a88-9dd5-3309a803124a\u00bb header_2_font=\u00bb|||on|||||\u00bb text_orientation=\u00bbcenter\u00bb custom_margin=\u00bb30px||-2px||false|false\u00bb custom_padding=\u00bb52px||0px|||\u00bb global_colors_info=\u00bb{}\u00bb]<\/p>\n<h2>sobre mi<\/h2>\n<p>[\/et_pb_text][et_pb_text _builder_version=\u00bb4.27.4&#8243; _module_preset=\u00bb2452be16-08ef-43a7-bb00-64a1abb9eee6&#8243; text_orientation=\u00bbcenter\u00bb width=\u00bb100%\u00bb max_width=\u00bb100%\u00bb min_height=\u00bb361.5px\u00bb custom_padding=\u00bb0%|76px||76px|false|true\u00bb custom_padding_tablet=\u00bb5%|50px||50px|false|true\u00bb custom_padding_phone=\u00bb5%|0px|1px|0px|false|true\u00bb custom_padding_last_edited=\u00bbon|phone\u00bb link_option_url_new_window=\u00bbon\u00bb text_font_size_phone=\u00bb16px\u00bb global_colors_info=\u00bb{}\u00bb]<\/p>\n<p><span style=\"font-weight: 400;\"><\/span>Me apasionan los reptiles es por eso que mi investigaci\u00f3n actualmente se enfoca en el estudio de la ecolog\u00eda, comportamiento y fisiolog\u00eda t\u00e9rmica de un grupo de lagartijas que habita los Andes tropicales del Ecuador. Como cient\u00edfica latinoamericana me preocupa el desinter\u00e9s que tiene la sociedad con su entorno natural y cultural. Sin embargo, tambi\u00e9n soy consciente de la falta de comunicaci\u00f3n entre la comunidad acad\u00e9mica y la comunidad local.<\/p>\n<p>&nbsp;<\/p>\n<p>&nbsp;<\/p>\n<p><span style=\"font-weight: 400;\"><\/span><\/p>\n<p><span style=\"font-weight: 400;\"><\/span><\/p>\n<p>[\/et_pb_text][\/et_pb_column][\/et_pb_row][et_pb_row column_structure=\u00bb3_5,2_5&#8243; custom_padding_last_edited=\u00bbon|tablet\u00bb _builder_version=\u00bb4.27.4&#8243; _module_preset=\u00bbdefault\u00bb width=\u00bb100%\u00bb min_height=\u00bb716.4px\u00bb custom_margin=\u00bb-56px|auto|40px|auto||\u00bb custom_padding=\u00bb0px|80px||50px|false|false\u00bb custom_padding_tablet=\u00bb|8%||8%|false|true\u00bb custom_padding_phone=\u00bb||||false|false\u00bb global_colors_info=\u00bb{}\u00bb][et_pb_column type=\u00bb3_5&#8243; _builder_version=\u00bb4.20.0&#8243; _module_preset=\u00bbdefault\u00bb global_colors_info=\u00bb{}\u00bb][et_pb_text _builder_version=\u00bb4.27.4&#8243; _module_preset=\u00bb2452be16-08ef-43a7-bb00-64a1abb9eee6&#8243; text_orientation=\u00bbcenter\u00bb width=\u00bb100%\u00bb custom_margin=\u00bb16px|||||\u00bb custom_margin_tablet=\u00bb-111px|||||\u00bb custom_margin_phone=\u00bb-20%||||false|false\u00bb custom_margin_last_edited=\u00bbon|phone\u00bb custom_padding=\u00bb0%|50px|0px|50px|false|true\u00bb custom_padding_tablet=\u00bb0%|50px|0px|50px|false|true\u00bb custom_padding_phone=\u00bb0%|0px||0px|false|true\u00bb custom_padding_last_edited=\u00bbon|phone\u00bb link_option_url_new_window=\u00bbon\u00bb text_font_size_phone=\u00bb16px\u00bb global_colors_info=\u00bb{}\u00bb]<\/p>\n<p>Pienso que el arte es una herramienta muy fuerte para actuar frente a la falta de comunicaci\u00f3n cient\u00edfica en la sociedad y un aliado muy valioso en la conservaci\u00f3n de la naturaleza. Por lo tanto, para complementar mi profesi\u00f3n como cient\u00edfica, soy una muralista e ilustradora aficionada que pretende acercar la vida silvestre a la gente. Te invito a visitar mi sitio web y contactarme si te interesar\u00eda trabajar conjuntamente en alg\u00fan proyecto o simplemente compartir ideas.<\/p>\n<p><strong>ESTEFANY S. GUERRA-CORREA<\/strong><\/p>\n<p>&nbsp;<\/p>\n<p>[\/et_pb_text][\/et_pb_column][et_pb_column type=\u00bb2_5&#8243; _builder_version=\u00bb4.22.2&#8243; _module_preset=\u00bbdefault\u00bb global_colors_info=\u00bb{}\u00bb][et_pb_image src=\u00bbhttp:\/\/esguerracorrea.com\/wp-content\/uploads\/2023\/09\/about_me.jpg\u00bb title_text=\u00bbabout_me\u00bb align_tablet=\u00bbcenter\u00bb align_phone=\u00bbcenter\u00bb align_last_edited=\u00bbon|tablet\u00bb _builder_version=\u00bb4.27.4&#8243; _module_preset=\u00bbdefault\u00bb width=\u00bb115%\u00bb width_tablet=\u00bb70%\u00bb width_phone=\u00bb70%\u00bb width_last_edited=\u00bbon|tablet\u00bb module_alignment=\u00bbcenter\u00bb custom_margin=\u00bb-40px||||false|false\u00bb custom_padding=\u00bb0px|0px|0px|||\u00bb global_colors_info=\u00bb{}\u00bb][\/et_pb_image][\/et_pb_column][\/et_pb_row][\/et_pb_section]<\/p>\n","protected":false},"excerpt":{"rendered":"<p>sobre miMe apasionan los reptiles es por eso que mi investigaci\u00f3n actualmente se enfoca en el estudio de la ecolog\u00eda, comportamiento y fisiolog\u00eda t\u00e9rmica de un grupo de lagartijas que habita los Andes tropicales del Ecuador. Como cient\u00edfica latinoamericana me preocupa el desinter\u00e9s que tiene la sociedad con su entorno natural y cultural. Sin embargo, [&hellip;]<\/p>\n","protected":false},"author":1,"featured_media":0,"parent":0,"menu_order":0,"comment_status":"closed","ping_status":"closed","template":"","meta":{"_et_pb_use_builder":"on","_et_pb_old_content":"","_et_gb_content_width":"","footnotes":""},"class_list":["post-75","page","type-page","status-publish","hentry"],"_links":{"self":[{"href":"https:\/\/esguerracorrea.com\/en\/wp-json\/wp\/v2\/pages\/75","targetHints":{"allow":["GET"]}}],"collection":[{"href":"https:\/\/esguerracorrea.com\/en\/wp-json\/wp\/v2\/pages"}],"about":[{"href":"https:\/\/esguerracorrea.com\/en\/wp-json\/wp\/v2\/types\/page"}],"author":[{"embeddable":true,"href":"https:\/\/esguerracorrea.com\/en\/wp-json\/wp\/v2\/users\/1"}],"replies":[{"embeddable":true,"href":"https:\/\/esguerracorrea.com\/en\/wp-json\/wp\/v2\/comments?post=75"}],"version-history":[{"count":59,"href":"https:\/\/esguerracorrea.com\/en\/wp-json\/wp\/v2\/pages\/75\/revisions"}],"predecessor-version":[{"id":753,"href":"https:\/\/esguerracorrea.com\/en\/wp-json\/wp\/v2\/pages\/75\/revisions\/753"}],"wp:attachment":[{"href":"https:\/\/esguerracorrea.com\/en\/wp-json\/wp\/v2\/media?parent=75"}],"curies":[{"name":"wp","href":"https:\/\/api.w.org\/{rel}","templated":true}]}}