{"id":133,"date":"2023-09-12T11:00:06","date_gmt":"2023-09-12T14:00:06","guid":{"rendered":"https:\/\/esguerracorrea.com\/?page_id=133"},"modified":"2024-04-28T04:56:21","modified_gmt":"2024-04-28T07:56:21","slug":"comunitarios","status":"publish","type":"page","link":"https:\/\/esguerracorrea.com\/en\/comunitarios\/","title":{"rendered":"Community"},"content":{"rendered":"<p>[et_pb_section fb_built=\u00bb1&#8243; admin_label=\u00bbHeader\u00bb _builder_version=\u00bb4.25.0&#8243; _module_preset=\u00bbdefault\u00bb use_background_color_gradient=\u00bbon\u00bb background_color_gradient_stops=\u00bbrgba(0,0,0,0.5) 0%|rgba(0,0,0,0.5) 100%\u00bb background_color_gradient_overlays_image=\u00bbon\u00bb background_image=\u00bbhttp:\/\/esguerracorrea.com\/wp-content\/uploads\/2024\/04\/DSCF2554.jpeg\u00bb custom_padding=\u00bb18vw||18vw||true|false\u00bb hover_enabled=\u00bb0&#8243; collapsed=\u00bboff\u00bb global_colors_info=\u00bb{}\u00bb title_text=\u00bbDSCF2554&#8243; sticky_enabled=\u00bb0&#8243;][\/et_pb_section][et_pb_section fb_built=\u00bb1&#8243; admin_label=\u00bbCall to Action\u00bb _builder_version=\u00bb4.22.0&#8243; _module_preset=\u00bbdefault\u00bb background_enable_color=\u00bboff\u00bb background_enable_image=\u00bboff\u00bb custom_padding=\u00bb10vw||10vw||true|false\u00bb background_last_edited=\u00bboff|desktop\u00bb background_position_tablet=\u00bbcenter\u00bb background_position_phone=\u00bbcenter\u00bb collapsed=\u00bboff\u00bb global_colors_info=\u00bb{}\u00bb][et_pb_row _builder_version=\u00bb4.22.0&#8243; _module_preset=\u00bbdefault\u00bb global_colors_info=\u00bb{}\u00bb][et_pb_column type=\u00bb4_4&#8243; _builder_version=\u00bb4.22.0&#8243; _module_preset=\u00bbdefault\u00bb global_colors_info=\u00bb{}\u00bb][et_pb_text _builder_version=\u00bb4.22.2&#8243; _module_preset=\u00bbdc27160f-a154-4a75-abce-39523b40fda5&#8243; text_font=\u00bbAtkinson Hyperlegible||||||||\u00bb header_font=\u00bbPoppins|||on|||||\u00bb header_text_color=\u00bb#272727&#8243; text_orientation=\u00bbcenter\u00bb global_colors_info=\u00bb{}\u00bb]<\/p>\n<h1><\/h1>\n<h1>P\u00e1ramo<\/h1>\n<h1>sin pl\u00e1stico<\/h1>\n<p>[\/et_pb_text][\/et_pb_column][\/et_pb_row][et_pb_row column_structure=\u00bb1_2,1_2&#8243; custom_padding_last_edited=\u00bbon|tablet\u00bb _builder_version=\u00bb4.25.0&#8243; _module_preset=\u00bbdefault\u00bb custom_padding=\u00bb|78px||50px|false|false\u00bb custom_padding_tablet=\u00bb|8%||8%|false|true\u00bb custom_padding_phone=\u00bb||||false|false\u00bb global_colors_info=\u00bb{}\u00bb][et_pb_column type=\u00bb1_2&#8243; _builder_version=\u00bb4.20.0&#8243; _module_preset=\u00bbdefault\u00bb global_colors_info=\u00bb{}\u00bb][et_pb_image src=\u00bbhttp:\/\/esguerracorrea.com\/wp-content\/uploads\/2023\/09\/paramo_1@0.5x.png\u00bb title_text=\u00bbparamo_1@0.5x\u00bb align=\u00bbcenter\u00bb _builder_version=\u00bb4.22.0&#8243; _module_preset=\u00bbdefault\u00bb global_colors_info=\u00bb{}\u00bb][\/et_pb_image][\/et_pb_column][et_pb_column type=\u00bb1_2&#8243; _builder_version=\u00bb4.20.0&#8243; _module_preset=\u00bbdefault\u00bb global_colors_info=\u00bb{}\u00bb][et_pb_text _builder_version=\u00bb4.23&#8243; _module_preset=\u00bb2452be16-08ef-43a7-bb00-64a1abb9eee6&#8243; custom_padding=\u00bb|25px||75px|false|false\u00bb custom_padding_tablet=\u00bb|4%||5%|false|false\u00bb custom_padding_phone=\u00bb|4%||5%|false|false\u00bb custom_padding_last_edited=\u00bbon|tablet\u00bb global_colors_info=\u00bb{}\u00bb]<\/p>\n<p><span style=\"font-weight: 400;\">Los p\u00e1ramos son ecosistemas de vital importancia pues a m\u00e1s de ser una gran fuente de agua dulce, capturan grandes cantidades de carbono y por lo tanto ayudan a mitigar los efectos del cambio clim\u00e1tico.<\/span><\/p>\n<p><span style=\"font-weight: 400;\"><\/span><\/p>\n<p><span style=\"font-weight: 400;\">Desafortunadamente, este ecosistema sufre grandes amenazas como la expansi\u00f3n agr\u00edcola, el uso extensivo de ganado, la miner\u00eda, y la contaminaci\u00f3n por pl\u00e1stico, por mencionar algunas de ellas.\u00a0<\/span><\/p>\n<p><span style=\"font-weight: 400;\">Para contribuir a frenar la contaminaci\u00f3n por pl\u00e1stico, considero importante interactuar con las comunidades locales a trav\u00e9s de proyectos de educaci\u00f3n ambiental e intercambio de conocimientos que permitan contribuir a la conservaci\u00f3n de los p\u00e1ramos en Ecuador.\u00a0<\/span><\/p>\n<p>[\/et_pb_text][\/et_pb_column][\/et_pb_row][et_pb_row custom_padding_last_edited=\u00bbon|desktop\u00bb _builder_version=\u00bb4.23&#8243; _module_preset=\u00bbdefault\u00bb custom_margin=\u00bb2vw||||false|false\u00bb custom_padding=\u00bb||||false|true\u00bb custom_padding_tablet=\u00bb||||false|true\u00bb custom_padding_phone=\u00bb||||false|false\u00bb global_colors_info=\u00bb{}\u00bb][et_pb_column type=\u00bb4_4&#8243; _builder_version=\u00bb4.20.0&#8243; _module_preset=\u00bbdefault\u00bb global_colors_info=\u00bb{}\u00bb][et_pb_image src=\u00bbhttp:\/\/esguerracorrea.com\/wp-content\/uploads\/2023\/09\/paramo_2@0.5x.png\u00bb title_text=\u00bbparamo_2@0.5x\u00bb align=\u00bbcenter\u00bb _builder_version=\u00bb4.23&#8243; _module_preset=\u00bbdefault\u00bb width=\u00bb63.8%\u00bb module_alignment=\u00bbcenter\u00bb custom_margin=\u00bb||||false|false\u00bb custom_padding=\u00bb|||0px||\u00bb global_colors_info=\u00bb{}\u00bb][\/et_pb_image][et_pb_text _builder_version=\u00bb4.23&#8243; _module_preset=\u00bb2452be16-08ef-43a7-bb00-64a1abb9eee6&#8243; header_text_align=\u00bbcenter\u00bb custom_margin=\u00bb3vw|||6vw|false|false\u00bb custom_margin_tablet=\u00bb3vw|||0vw|false|false\u00bb custom_margin_phone=\u00bb3vw|||0vw|false|false\u00bb custom_margin_last_edited=\u00bbon|tablet\u00bb custom_padding=\u00bb||||false|false\u00bb global_colors_info=\u00bb{}\u00bb]<\/p>\n<p style=\"text-align: center;\"><strong>Si te interesa unirte al trabajo de la limpieza de los p\u00e1ramos en Ecuador, \u00a1cont\u00e1ctame! <\/strong><\/p>\n<p>[\/et_pb_text][\/et_pb_column][\/et_pb_row][\/et_pb_section]<\/p>\n","protected":false},"excerpt":{"rendered":"<p>P\u00e1ramo sin pl\u00e1sticoLos p\u00e1ramos son ecosistemas de vital importancia pues a m\u00e1s de ser una gran fuente de agua dulce, capturan grandes cantidades de carbono y por lo tanto ayudan a mitigar los efectos del cambio clim\u00e1tico. Desafortunadamente, este ecosistema sufre grandes amenazas como la expansi\u00f3n agr\u00edcola, el uso extensivo de ganado, la miner\u00eda, y [&hellip;]<\/p>\n","protected":false},"author":1,"featured_media":0,"parent":0,"menu_order":0,"comment_status":"closed","ping_status":"closed","template":"","meta":{"_et_pb_use_builder":"on","_et_pb_old_content":"<!-- wp:divi\/placeholder \/-->","_et_gb_content_width":"","footnotes":""},"class_list":["post-133","page","type-page","status-publish","hentry"],"_links":{"self":[{"href":"https:\/\/esguerracorrea.com\/en\/wp-json\/wp\/v2\/pages\/133","targetHints":{"allow":["GET"]}}],"collection":[{"href":"https:\/\/esguerracorrea.com\/en\/wp-json\/wp\/v2\/pages"}],"about":[{"href":"https:\/\/esguerracorrea.com\/en\/wp-json\/wp\/v2\/types\/page"}],"author":[{"embeddable":true,"href":"https:\/\/esguerracorrea.com\/en\/wp-json\/wp\/v2\/users\/1"}],"replies":[{"embeddable":true,"href":"https:\/\/esguerracorrea.com\/en\/wp-json\/wp\/v2\/comments?post=133"}],"version-history":[{"count":15,"href":"https:\/\/esguerracorrea.com\/en\/wp-json\/wp\/v2\/pages\/133\/revisions"}],"predecessor-version":[{"id":740,"href":"https:\/\/esguerracorrea.com\/en\/wp-json\/wp\/v2\/pages\/133\/revisions\/740"}],"wp:attachment":[{"href":"https:\/\/esguerracorrea.com\/en\/wp-json\/wp\/v2\/media?parent=133"}],"curies":[{"name":"wp","href":"https:\/\/api.w.org\/{rel}","templated":true}]}}