{"id":131,"date":"2023-09-12T10:58:12","date_gmt":"2023-09-12T13:58:12","guid":{"rendered":"https:\/\/esguerracorrea.com\/?page_id=131"},"modified":"2024-04-28T04:51:48","modified_gmt":"2024-04-28T07:51:48","slug":"investigaciones","status":"publish","type":"page","link":"https:\/\/esguerracorrea.com\/en\/investigaciones\/","title":{"rendered":"Research"},"content":{"rendered":"<p>[et_pb_section fb_built=\u00bb1&#8243; admin_label=\u00bbHeader\u00bb _builder_version=\u00bb4.22.0&#8243; _module_preset=\u00bbdefault\u00bb use_background_color_gradient=\u00bbon\u00bb background_color_gradient_stops=\u00bbrgba(0,0,0,0.5) 0%|rgba(0,0,0,0.5) 100%\u00bb background_color_gradient_overlays_image=\u00bbon\u00bb background_image=\u00bbhttp:\/\/esguerracorrea.com\/wp-content\/uploads\/2023\/09\/cover_projects.png\u00bb custom_padding=\u00bb18vw||18vw||true|false\u00bb collapsed=\u00bboff\u00bb global_colors_info=\u00bb{}\u00bb][\/et_pb_section][et_pb_section fb_built=\u00bb1&#8243; admin_label=\u00bbCall to Action\u00bb _builder_version=\u00bb4.22.0&#8243; _module_preset=\u00bbdefault\u00bb background_enable_color=\u00bboff\u00bb background_enable_image=\u00bboff\u00bb custom_padding=\u00bb0vw||0vw||true|false\u00bb background_last_edited=\u00bboff|desktop\u00bb background_position_tablet=\u00bbcenter\u00bb background_position_phone=\u00bbcenter\u00bb collapsed=\u00bboff\u00bb global_colors_info=\u00bb{}\u00bb][et_pb_row _builder_version=\u00bb4.22.2&#8243; _module_preset=\u00bbdefault\u00bb width=\u00bb88%\u00bb custom_margin=\u00bb|54px||6px||\u00bb custom_padding=\u00bb|0px||44px||\u00bb global_colors_info=\u00bb{}\u00bb][et_pb_column type=\u00bb4_4&#8243; _builder_version=\u00bb4.22.2&#8243; _module_preset=\u00bbdefault\u00bb global_colors_info=\u00bb{}\u00bb][et_pb_text _builder_version=\u00bb4.20.0&#8243; _module_preset=\u00bbdc27160f-a154-4a75-abce-39523b40fda5&#8243; text_font=\u00bbAtkinson Hyperlegible||||||||\u00bb header_font=\u00bbPoppins|||on|||||\u00bb header_text_color=\u00bb#272727&#8243; text_orientation=\u00bbcenter\u00bb width=\u00bb100%\u00bb custom_margin=\u00bb|-29px|7px|-57px||\u00bb custom_padding=\u00bb|0px||66px||\u00bb global_colors_info=\u00bb{}\u00bb]<\/p>\n<h1><\/h1>\n<h1><\/h1>\n<h1>PROYECTO\u00a0 \u00a0 \u00a0LAGARTIJAS FR\u00cdAS<span style=\"font-size: xx-large; color: #333333;\"><\/span><\/h1>\n<p>[\/et_pb_text][et_pb_text _builder_version=\u00bb4.23&#8243; _module_preset=\u00bbdc27160f-a154-4a75-abce-39523b40fda5&#8243; text_font=\u00bbAtkinson Hyperlegible||||||||\u00bb header_font=\u00bbPoppins||||||||\u00bb header_text_color=\u00bb#272727&#8243; header_font_size=\u00bb1.7em\u00bb text_orientation=\u00bbcenter\u00bb width=\u00bb97.4%\u00bb custom_margin=\u00bb|-98px||||\u00bb custom_padding=\u00bb|0px||0px||\u00bb header_font_size_tablet=\u00bb21px\u00bb header_font_size_phone=\u00bb15px\u00bb global_colors_info=\u00bb{}\u00bb]<\/p>\n<h1>\u00a0 \u00a0 \u00a0 \u00a0 \u00a0<\/h1>\n<h1><strong>\u00a0 \u00a0 Efectos del cambio clim\u00e1tico en Stenocercus:<\/strong> Un grupo de lagartijas que habitan los Andes tropicales de Ecuador<\/h1>\n<p>[\/et_pb_text][\/et_pb_column][\/et_pb_row][et_pb_row column_structure=\u00bb2_5,3_5&#8243; custom_padding_last_edited=\u00bbon|tablet\u00bb _builder_version=\u00bb4.22.0&#8243; _module_preset=\u00bbdefault\u00bb custom_padding=\u00bb|78px||50px|false|false\u00bb custom_padding_tablet=\u00bb|8%||8%|false|true\u00bb custom_padding_phone=\u00bb||||false|false\u00bb global_colors_info=\u00bb{}\u00bb][et_pb_column type=\u00bb2_5&#8243; _builder_version=\u00bb4.20.0&#8243; _module_preset=\u00bbdefault\u00bb global_colors_info=\u00bb{}\u00bb][et_pb_image src=\u00bbhttp:\/\/esguerracorrea.com\/wp-content\/uploads\/2023\/09\/lagartija_1@0.75x.png\u00bb title_text=\u00bblagartija_1@0.75x\u00bb _builder_version=\u00bb4.22.2&#8243; _module_preset=\u00bbdefault\u00bb width=\u00bb124.6%\u00bb module_alignment=\u00bbcenter\u00bb min_height=\u00bb377.1px\u00bb custom_margin=\u00bb||28px|||\u00bb custom_padding=\u00bb0%|0px|24px|0px|false|false\u00bb global_colors_info=\u00bb{}\u00bb][\/et_pb_image][\/et_pb_column][et_pb_column type=\u00bb3_5&#8243; _builder_version=\u00bb4.20.0&#8243; _module_preset=\u00bbdefault\u00bb global_colors_info=\u00bb{}\u00bb][et_pb_text _builder_version=\u00bb4.23&#8243; _module_preset=\u00bb2452be16-08ef-43a7-bb00-64a1abb9eee6&#8243; width=\u00bb100%\u00bb custom_padding=\u00bb|0px||75px|false|false\u00bb custom_padding_tablet=\u00bb|4%||4%|false|true\u00bb custom_padding_phone=\u00bb|4%||4%|false|true\u00bb custom_padding_last_edited=\u00bbon|tablet\u00bb global_colors_info=\u00bb{}\u00bb]<\/p>\n<p style=\"text-align: center;\"><span style=\"font-weight: 400;\">La regi\u00f3n de los Andes tropicales es uno de los 36 puntos calientes de biodiversidad que se destaca por su alta riqueza de especies y endemismo (\u00fanico del lugar). La alta importancia biol\u00f3gica que existe en esta regi\u00f3n se debe a la acci\u00f3n de barreras geogr\u00e1ficas, que, al ser generadas a trav\u00e9s del tiempo por la interacci\u00f3n entre placas oce\u00e1nicas y continentales, permiten la diversificaci\u00f3n y\u00a0 evoluci\u00f3n de estrategias fisiol\u00f3gicas, ecol\u00f3gicas y de comportamiento particulares para cada especie que la habita.\u00a0\u00a0\u00a0<\/span><\/p>\n<p style=\"text-align: center;\"><span style=\"font-weight: 400;\">Uno de los grupos de lagartijas con mayor extensi\u00f3n geogr\u00e1fica y ecol\u00f3gica en el continente sudamericano es el g\u00e9nero <\/span><i><span style=\"font-weight: 400;\">Stenocercus<\/span><\/i><span style=\"font-weight: 400;\">. Este g\u00e9nero se distribuye desde el norte de Venezuela y Colombia hasta el centro de Argentina, y hasta la fecha se conocen <\/span><a href=\"https:\/\/reptile-database.reptarium.cz\/search?search=stenocercus&amp;submit=Search\" target=\"_blank\" rel=\"noopener\"><span style=\"font-weight: 400;\">68 especies<\/span><\/a><span style=\"font-size: 20px;\">.\u00a0<\/span><\/p>\n<p style=\"text-align: center;\"><span style=\"font-size: 20px;\"><\/span><\/p>\n<p style=\"text-align: center;\"><span style=\"font-size: 20px;\"><\/span><\/p>\n<p>[\/et_pb_text][\/et_pb_column][\/et_pb_row][et_pb_row column_structure=\u00bb3_5,2_5&#8243; custom_padding_last_edited=\u00bbon|tablet\u00bb _builder_version=\u00bb4.23&#8243; _module_preset=\u00bbdefault\u00bb min_height=\u00bb886.8px\u00bb custom_margin=\u00bb-58vw|auto||auto|false|false\u00bb custom_margin_tablet=\u00bb2vw||||false|false\u00bb custom_margin_phone=\u00bb-5%||||false|false\u00bb custom_margin_last_edited=\u00bbon|phone\u00bb custom_padding=\u00bb|80px||50px|false|false\u00bb custom_padding_tablet=\u00bb|8%||8%|false|true\u00bb custom_padding_phone=\u00bb||||false|false\u00bb global_colors_info=\u00bb{}\u00bb][et_pb_column type=\u00bb3_5&#8243; _builder_version=\u00bb4.20.0&#8243; _module_preset=\u00bbdefault\u00bb global_colors_info=\u00bb{}\u00bb][et_pb_text _builder_version=\u00bb4.23&#8243; _module_preset=\u00bb2452be16-08ef-43a7-bb00-64a1abb9eee6&#8243; width=\u00bb100%\u00bb min_height=\u00bb430.9px\u00bb custom_padding=\u00bb10%|83px|||false|false\u00bb custom_padding_tablet=\u00bb0%|4%||4%|false|true\u00bb custom_padding_phone=\u00bb0%|4%||4%|false|true\u00bb custom_padding_last_edited=\u00bbon|tablet\u00bb global_colors_info=\u00bb{}\u00bb]<\/p>\n<p style=\"text-align: center;\">La singularidad ecol\u00f3gica de este grupo de lagartijas es interesante, sobre todo si se consideran aquellas especies que habitan la regi\u00f3n de los Andes tropicales.<\/p>\n<p style=\"text-align: center;\">A pesar de lo atractivo que resulta el estudio de lagartijas que habitan en los Andes tropicales, poco se conoce sobre su ecolog\u00eda y comportamiento, y menos a\u00fan si se consideran aquellas especies que habitan lugares de gran altitud. Adicionalmente, es importante tomar en cuenta que el \u00e1rea en la que se encuentran \u00e9stos organismos est\u00e1 catalogada como una de las m\u00e1s amenazadas debido a la intensa actividad antropog\u00e9nica y el cambio clim\u00e1tico, y por ende urge conocer m\u00e1s acerca de las estrategias que est\u00e1n empleando \u00e9stos organismos para enfrentar las perturbaciones ambientales actuales.<\/p>\n<p>[\/et_pb_text][\/et_pb_column][et_pb_column type=\u00bb2_5&#8243; _builder_version=\u00bb4.20.0&#8243; _module_preset=\u00bbdefault\u00bb global_colors_info=\u00bb{}\u00bb][et_pb_image src=\u00bbhttp:\/\/esguerracorrea.com\/wp-content\/uploads\/2023\/09\/lagartija_2@0.75x.png\u00bb title_text=\u00bblagartija_2@0.75x\u00bb _builder_version=\u00bb4.22.0&#8243; _module_preset=\u00bbdefault\u00bb width=\u00bb117.4%\u00bb module_alignment=\u00bbcenter\u00bb min_height=\u00bb251.8px\u00bb global_colors_info=\u00bb{}\u00bb][\/et_pb_image][\/et_pb_column][\/et_pb_row][\/et_pb_section]<\/p>\n","protected":false},"excerpt":{"rendered":"<p>PROYECTO\u00a0 \u00a0 \u00a0LAGARTIJAS FR\u00cdAS\u00a0 \u00a0 \u00a0 \u00a0 \u00a0 \u00a0 \u00a0 Efectos del cambio clim\u00e1tico en Stenocercus: Un grupo de lagartijas que habitan los Andes tropicales de EcuadorLa regi\u00f3n de los Andes tropicales es uno de los 36 puntos calientes de biodiversidad que se destaca por su alta riqueza de especies y endemismo (\u00fanico del lugar). [&hellip;]<\/p>\n","protected":false},"author":1,"featured_media":0,"parent":0,"menu_order":0,"comment_status":"closed","ping_status":"closed","template":"","meta":{"_et_pb_use_builder":"on","_et_pb_old_content":"<!-- wp:divi\/placeholder \/-->","_et_gb_content_width":"","footnotes":""},"class_list":["post-131","page","type-page","status-publish","hentry"],"_links":{"self":[{"href":"https:\/\/esguerracorrea.com\/en\/wp-json\/wp\/v2\/pages\/131","targetHints":{"allow":["GET"]}}],"collection":[{"href":"https:\/\/esguerracorrea.com\/en\/wp-json\/wp\/v2\/pages"}],"about":[{"href":"https:\/\/esguerracorrea.com\/en\/wp-json\/wp\/v2\/types\/page"}],"author":[{"embeddable":true,"href":"https:\/\/esguerracorrea.com\/en\/wp-json\/wp\/v2\/users\/1"}],"replies":[{"embeddable":true,"href":"https:\/\/esguerracorrea.com\/en\/wp-json\/wp\/v2\/comments?post=131"}],"version-history":[{"count":25,"href":"https:\/\/esguerracorrea.com\/en\/wp-json\/wp\/v2\/pages\/131\/revisions"}],"predecessor-version":[{"id":739,"href":"https:\/\/esguerracorrea.com\/en\/wp-json\/wp\/v2\/pages\/131\/revisions\/739"}],"wp:attachment":[{"href":"https:\/\/esguerracorrea.com\/en\/wp-json\/wp\/v2\/media?parent=131"}],"curies":[{"name":"wp","href":"https:\/\/api.w.org\/{rel}","templated":true}]}}